{"id":103,"date":"2019-03-26T16:03:04","date_gmt":"2019-03-26T15:03:04","guid":{"rendered":"http:\/\/garage-turmeau-79.fr\/?page_id=103"},"modified":"2019-03-26T16:17:52","modified_gmt":"2019-03-26T15:17:52","slug":"mentions-legales","status":"publish","type":"page","link":"https:\/\/garage-turmeau-79.fr\/?page_id=103","title":{"rendered":"Mentions l\u00e9gales"},"content":{"rendered":"\n<p><strong>1. Pr\u00e9sentation du site.<\/strong><\/p>\n\n\n\n<p>En vertu de l&rsquo;article 6 de la loi n\u00b0\n2004-575 du 21 juin 2004 pour la confiance dans l&rsquo;\u00e9conomie num\u00e9rique, il est\npr\u00e9cis\u00e9 aux utilisateurs du site&nbsp;www.garage-turmeau-79.fr l&rsquo;identit\u00e9\ndes diff\u00e9rents intervenants dans le cadre de sa r\u00e9alisation et de son suivi :<\/p>\n\n\n\n<p><strong>Propri\u00e9taire<\/strong>&nbsp;: <em>Turmeau Thierry<\/em><em> <\/em><strong>Num\u00e9ro SIRET<\/strong>&nbsp;: 348.192.477.00027<\/p>\n\n\n\n<p><strong>Num\u00e9ro immatriculation RM<\/strong>&nbsp;: 402.551RM79<br>\n<strong>Cr\u00e9ateur<\/strong>&nbsp;:&nbsp;Turmeau\nThierry<br>\n<strong>Responsable publication<\/strong>&nbsp;: <em>Turmeau Thierry<\/em><em> <\/em>Le responsable publication est une personne physique\nou une personne morale.<br>\n<strong>Webmaster<\/strong>&nbsp;: <em>Turmeau Thierry<\/em><em> <\/em><em>05\u200949\u200906\u200911\u200909<\/em><br>\n<strong>H\u00e9bergeur<\/strong>&nbsp;: OVH \u2013 2 rue Kellermann &#8211; 59100 Roubaix &#8211; France<br>\n<br>\n<\/p>\n\n\n\n<p><strong>2. Conditions g\u00e9n\u00e9rales\nd\u2019utilisation du site et des services propos\u00e9s.<\/strong><\/p>\n\n\n\n<p>L\u2019utilisation du site&nbsp;www.garage-turmeau-79.fr&nbsp;implique l\u2019acceptation pleine et enti\u00e8re des\nconditions g\u00e9n\u00e9rales d\u2019utilisation ci-apr\u00e8s d\u00e9crites. Ces conditions\nd\u2019utilisation sont susceptibles d\u2019\u00eatre modifi\u00e9es ou compl\u00e9t\u00e9es \u00e0 tout moment,\nles utilisateurs du site&nbsp;www.garage-turmeau-79.fr&nbsp;&nbsp;sont donc invit\u00e9s \u00e0 les consulter de\nmani\u00e8re r\u00e9guli\u00e8re.<\/p>\n\n\n\n<p>Ce site est\nnormalement accessible \u00e0 tout moment aux utilisateurs. Une interruption pour\nraison de maintenance technique peut \u00eatre toutefois d\u00e9cid\u00e9e par Turmeau\nThierry, qui s\u2019efforcera alors de communiquer pr\u00e9alablement aux utilisateurs les\ndates et heures de l\u2019intervention.<\/p>\n\n\n\n<p>Le site&nbsp;www.garage-turmeau-79.fr&nbsp;&nbsp;est mis \u00e0 jour r\u00e9guli\u00e8rement par Turmeau\nThierry. De la m\u00eame fa\u00e7on, les mentions l\u00e9gales peuvent \u00eatre modifi\u00e9es \u00e0 tout\nmoment : elles s\u2019imposent n\u00e9anmoins \u00e0 l\u2019utilisateur qui est invit\u00e9 \u00e0 s\u2019y\nr\u00e9f\u00e9rer le plus souvent possible afin d\u2019en prendre connaissance.<\/p>\n\n\n\n<p><strong>3. Description des services fournis.<\/strong><\/p>\n\n\n\n<p>Le site&nbsp;www.garage-turmeau-79.fr&nbsp;&nbsp;a pour objet de fournir une information\nconcernant l\u2019ensemble des activit\u00e9s de la soci\u00e9t\u00e9.<\/p>\n\n\n\n<p>Turmeau\nThierry s\u2019efforce de\nfournir sur le site&nbsp;www.garage-turmeau-79.fr&nbsp;&nbsp;des informations aussi pr\u00e9cises que\npossible. Toutefois, il ne pourra \u00eatre tenu responsable des omissions, des\ninexactitudes et des carences dans la mise \u00e0 jour, qu\u2019elles soient de son fait\nou du fait des tiers partenaires qui lui fournissent ces informations.<\/p>\n\n\n\n<p>Tous les informations indiqu\u00e9es sur\nle site&nbsp;www.garage-turmeau-79.fr&nbsp;&nbsp; sont donn\u00e9es \u00e0 titre indicatif, et sont\nsusceptibles d\u2019\u00e9voluer. Par ailleurs, les renseignements figurant sur le\nsite&nbsp;www.garage-turmeau-79.fr&nbsp;&nbsp; ne sont pas exhaustifs. Ils sont donn\u00e9s\nsous r\u00e9serve de modifications ayant \u00e9t\u00e9 apport\u00e9es depuis leur mise en ligne.<\/p>\n\n\n\n<p><strong>4. Limitations contractuelles sur\nles donn\u00e9es techniques.<\/strong><\/p>\n\n\n\n<p>Le site\nutilise la technologie JavaScript.<\/p>\n\n\n\n<p>Le site\nInternet ne pourra \u00eatre tenu responsable de dommages mat\u00e9riels li\u00e9s \u00e0\nl\u2019utilisation du site. De plus, l\u2019utilisateur du site s\u2019engage \u00e0 acc\u00e9der au\nsite en utilisant un mat\u00e9riel r\u00e9cent, ne contenant pas de virus et avec un\nnavigateur de derni\u00e8re g\u00e9n\u00e9ration mis-\u00e0-jour<\/p>\n\n\n\n<p><strong>5. Propri\u00e9t\u00e9 intellectuelle et\ncontrefa\u00e7ons.<\/strong><\/p>\n\n\n\n<p>Turmeau\nThierry est\npropri\u00e9taire des droits de propri\u00e9t\u00e9 intellectuelle ou d\u00e9tient les droits\nd\u2019usage sur tous les \u00e9l\u00e9ments accessibles sur le site, notamment les textes,\nimages, graphismes, logo, ic\u00f4nes, sons, logiciels.<\/p>\n\n\n\n<p>Toute\nreproduction, repr\u00e9sentation, modification, publication, adaptation de tout ou\npartie des \u00e9l\u00e9ments du site, quel que soit le moyen ou le proc\u00e9d\u00e9 utilis\u00e9, est\ninterdite, sauf autorisation \u00e9crite pr\u00e9alable de : Turmeau\nThierry<\/p>\n\n\n\n<p>Toute\nexploitation non autoris\u00e9e du site ou de l\u2019un quelconque des \u00e9l\u00e9ments qu\u2019il\ncontient sera consid\u00e9r\u00e9e comme constitutive d\u2019une contrefa\u00e7on et poursuivie\nconform\u00e9ment aux dispositions des articles L.335-2 et suivants du Code de\nPropri\u00e9t\u00e9 Intellectuelle.<\/p>\n\n\n\n<p><strong>6. Limitations de responsabilit\u00e9.<\/strong><\/p>\n\n\n\n<p>Turmeau\nThierry ne pourra\n\u00eatre tenu responsable des dommages directs et indirects caus\u00e9s au mat\u00e9riel de\nl\u2019utilisateur, lors de l\u2019acc\u00e8s au site&nbsp;www.garage-turmeau-79.fr, et r\u00e9sultant soit de l\u2019utilisation d\u2019un mat\u00e9riel ne\nr\u00e9pondant pas aux sp\u00e9cifications indiqu\u00e9es au point 4, soit de l\u2019apparition\nd\u2019un bug ou d\u2019une incompatibilit\u00e9.<\/p>\n\n\n\n<p>Turmeau\nThierry ne pourra\n\u00e9galement \u00eatre tenue responsable des dommages indirects (tels par exemple\nqu\u2019une perte de march\u00e9 ou perte d\u2019une chance) cons\u00e9cutifs \u00e0 l\u2019utilisation du\nsite&nbsp;www.garage-turmeau-79.fr.<\/p>\n\n\n\n<p>Des espaces\ninteractifs (possibilit\u00e9 de poser des questions dans l\u2019espace contact) sont \u00e0\nla disposition des utilisateurs. Turmeau\nThierry se r\u00e9serve\nle droit de supprimer, sans mise en demeure pr\u00e9alable, tout contenu d\u00e9pos\u00e9 dans\ncet espace qui contreviendrait \u00e0 la l\u00e9gislation applicable en France, en\nparticulier aux dispositions relatives \u00e0 la protection des donn\u00e9es. Le cas\n\u00e9ch\u00e9ant, Turmeau\nThierry&nbsp; se r\u00e9serve \u00e9galement la possibilit\u00e9\nde mettre en cause la responsabilit\u00e9 civile et\/ou p\u00e9nale de l\u2019utilisateur,\nnotamment en cas de message \u00e0 caract\u00e8re raciste, injurieux, diffamant, ou\npornographique, quel que soit le support utilis\u00e9 (texte, photographie\u2026).<\/p>\n\n\n\n<p><strong>7. Politique de confidentialit\u00e9<\/strong><\/p>\n\n\n\n<p>En France,\nles donn\u00e9es personnelles sont notamment prot\u00e9g\u00e9es par le R\u00e8glement europ\u00e9en sur\nla Protection des Donn\u00e9es Personnelles (RGPD), applicable depuis le 25 mai 2018\net la loi \u00ab&nbsp;Informatique et libert\u00e9&nbsp;\u00bb.<\/p>\n\n\n\n<p>STATISTIQUES DE VISITES<\/p>\n\n\n\n<p>www.garage-turmeau-79.fr utilise un service statistique afin d\u2019\u00e9tablir une\nanalyse de son trafic.<\/p>\n\n\n\n<p>A l&rsquo;occasion de l&rsquo;utilisation du\nsite&nbsp;www.garage-turmeau-79.fr, peuvent \u00eatre recueillies \u00e0 des fins purement\nstatistiques diff\u00e9rentes donn\u00e9es dont certaines \u00e0 caract\u00e8re personnelle (par\nexemple, sa g\u00e9olocalisation). Ces donn\u00e9es sont collect\u00e9es de fa\u00e7on anonyme.<\/p>\n\n\n\n<p>Les utilisateurs du site www.garage-turmeau-79.fr ont la possibilit\u00e9 de bloquer la collecte de ses\ndonn\u00e9es en utilisant un logiciel ou module ad\u00e9quat, en bloquant les cookies\npermettant la collecte des donn\u00e9es, ou par les param\u00e9trages personnalis\u00e9s.<\/p>\n\n\n\n<p>FORMULAIRES<\/p>\n\n\n\n<p>A l&rsquo;occasion de l&rsquo;utilisation du\nsite&nbsp;www.garage-turmeau-79.fr les utilisateurs du site peuvent \u00eatre amen\u00e9s \u00e0\nremplir un formulaire. La nature et le traitement des donn\u00e9es personnelles\ncollect\u00e9es ainsi que l\u2019accord explicite pour ces traitements par l\u2019utilisateur\nest sp\u00e9cifi\u00e9 dans chaque formulaire.<\/p>\n\n\n\n<p>En tout \u00e9tat de cause Turmeau\nThierry&nbsp; ne collecte des informations\npersonnelles relatives \u00e0 l&rsquo;utilisateur que pour le besoin de certains services\npropos\u00e9s par le site&nbsp;www.garage-turmeau-79.fr. L&rsquo;utilisateur fournit ces informations en toute\nconnaissance de cause, notamment lorsqu&rsquo;il proc\u00e8de par lui-m\u00eame \u00e0 leur saisie\net la validation des traitements. Il est alors pr\u00e9cis\u00e9 \u00e0 l&rsquo;utilisateur du\nsite&nbsp;www.garage-turmeau-79.fr l\u2019obligation\nou non de fournir ces informations.<\/p>\n\n\n\n<p>CONSERVATION ET PROTECTION DES\nDONNEES<\/p>\n\n\n\n<p>Les donn\u00e9es collect\u00e9es sont\nconserv\u00e9es 3 ans maximum. Conform\u00e9ment \u00e0 la r\u00e9glementation en vigueur, Turmeau\nThierry s\u2019engage \u00e0\nprot\u00e9ger les donn\u00e9es personnelles collect\u00e9es sur le site www.garage-turmeau-79.fr et sera tenu\nresponsable en cas de piratage ou perte de ces donn\u00e9es.<\/p>\n\n\n\n<p>En cas de piratage ou de perte des\ndonn\u00e9es personnelles collect\u00e9es sur le site www.garage-turmeau-79.fr, Turmeau\nThierry informera la CNIL dans les 72h suivant la constatation.<\/p>\n\n\n\n<p>GESTION DES DONNEES<\/p>\n\n\n\n<p>Conform\u00e9ment \u00e0 la r\u00e9glementation en\nvigueur, l\u2019utilisateur peut solliciter Turmeau\nThierry&nbsp; \u00e0 tout moment pour demander\n\u00e0&nbsp;:<br>\n&#8211; Acc\u00e9der aux donn\u00e9es personnelles le concernant conserv\u00e9es par Turmeau\nThierry<\/p>\n\n\n\n<p>&#8211; Faire modifier les donn\u00e9es\npersonnelles le concernant conserv\u00e9es par Turmeau\nThierry si elles\ns\u2019av\u00e8rent inexactes<\/p>\n\n\n\n<p>&#8211; Transf\u00e9rer les donn\u00e9es\npersonnelles le concernant conserv\u00e9es par Turmeau\nThierry&nbsp; \u00e0 un tiers (portabilit\u00e9)<\/p>\n\n\n\n<p>&#8211; Faire supprimer les donn\u00e9es\npersonnelles le concernant conserv\u00e9es par Turmeau\nThierry&nbsp; <\/p>\n\n\n\n<p>Dans ce dernier cas, Turmeau\nThierry se r\u00e9serve la possibilit\u00e9 de conserver les donn\u00e9es personnelles\nstrictement n\u00e9cessaires&nbsp; pour assurer le\nsuivi de services auxquels il est li\u00e9 \u00e0 l\u2019utilisateur de fa\u00e7on contractuel, et\nceci dans la limite telle qu\u2019indiqu\u00e9e dans le contrat.<\/p>\n\n\n\n<p>Aucune donn\u00e9es personnelles de\nl&rsquo;utilisateur du site&nbsp;www.garage-turmeau-79.fr&nbsp;n&rsquo;est publi\u00e9e \u00e0 l&rsquo;insu de l&rsquo;utilisateur,\n\u00e9chang\u00e9e, transf\u00e9r\u00e9e, c\u00e9d\u00e9e ou vendue sur un support quelconque \u00e0 des tiers.\nSeule l&rsquo;hypoth\u00e8se du rachat de SARL\nCOULONGES ESPACE AUTOMOBILE et de ses droits permettrait la transmission des\ndites informations \u00e0 l&rsquo;\u00e9ventuel acqu\u00e9reur qui serait \u00e0 son tour tenu de la m\u00eame\nobligation de conservation et de modification des donn\u00e9es vis \u00e0 vis de\nl&rsquo;utilisateur du site&nbsp;www.garage-turmeau-79.fr.<\/p>\n\n\n\n<p><strong>8. Liens hypertextes et cookies.<\/strong><\/p>\n\n\n\n<p>Le site&nbsp;www.garage-turmeau-79.fr&nbsp;contient un certain nombre de liens hypertextes\nvers d\u2019autres sites, mis en place avec l\u2019autorisation de Turmeau\nThierry . Cependant, Turmeau\nThierry&nbsp; n\u2019a pas la possibilit\u00e9 de v\u00e9rifier\nle contenu des sites ainsi visit\u00e9s, et n\u2019assumera en cons\u00e9quence aucune\nresponsabilit\u00e9 de ce fait.<\/p>\n\n\n\n<p>La navigation sur le site&nbsp;www.garage-turmeau-79.fr&nbsp;est susceptible de provoquer l\u2019installation de\ncookie(s) sur l\u2019ordinateur de l\u2019utilisateur. Un cookie est un fichier de petite\ntaille, qui ne permet pas l\u2019identification de l\u2019utilisateur, mais qui\nenregistre des informations relatives \u00e0 la navigation d\u2019un ordinateur sur un\nsite. Les donn\u00e9es ainsi obtenues visent \u00e0 faciliter la navigation ult\u00e9rieure\nsur le site, et ont \u00e9galement vocation \u00e0 permettre diverses mesures de\nfr\u00e9quentation.<\/p>\n\n\n\n<p>Le refus\nd\u2019installation d\u2019un cookie peut entra\u00eener l\u2019impossibilit\u00e9 d\u2019acc\u00e9der \u00e0 certains\nservices. L\u2019utilisateur peut toutefois configurer son ordinateur de la mani\u00e8re\nsuivante, pour refuser l\u2019installation des cookies :<\/p>\n\n\n\n<p>Sous\nInternet Explorer : onglet outil (pictogramme en forme de rouage en haut a\ndroite) \/ options internet. Cliquez sur Confidentialit\u00e9 et choisissez Bloquer\ntous les cookies. Validez sur Ok.<\/p>\n\n\n\n<p>Sous Firefox\n: en haut de la fen\u00eatre du navigateur, cliquez sur le bouton Firefox, puis\naller dans l&rsquo;onglet Options. Cliquer sur l&rsquo;onglet Vie priv\u00e9e. Param\u00e9trez les\nR\u00e8gles de conservation sur : utiliser les param\u00e8tres personnalis\u00e9s pour\nl&rsquo;historique. Enfin d\u00e9cochez-la pour d\u00e9sactiver les cookies.<\/p>\n\n\n\n<p>Sous Safari\n: Cliquez en haut \u00e0 droite du navigateur sur le pictogramme de menu (symbolis\u00e9\npar un rouage). S\u00e9lectionnez Param\u00e8tres. Cliquez sur Afficher les param\u00e8tres\navanc\u00e9s. Dans la section \u00ab\u00a0Confidentialit\u00e9\u00a0\u00bb, cliquez sur Param\u00e8tres de\ncontenu. Dans la section \u00ab\u00a0Cookies\u00a0\u00bb, vous pouvez bloquer les cookies.<\/p>\n\n\n\n<p>Sous Chrome\n: Cliquez en haut \u00e0 droite du navigateur sur le pictogramme de menu (symbolis\u00e9\npar trois lignes horizontales). S\u00e9lectionnez Param\u00e8tres. Cliquez sur Afficher\nles param\u00e8tres avanc\u00e9s. Dans la section \u00ab\u00a0Confidentialit\u00e9\u00a0\u00bb, cliquez\nsur pr\u00e9f\u00e9rences. Dans l&rsquo;onglet \u00ab\u00a0Confidentialit\u00e9\u00a0\u00bb, vous pouvez bloquer\nles cookies.<\/p>\n\n\n\n<p><strong>9. Droit applicable et attribution\nde juridiction.<\/strong><\/p>\n\n\n\n<p>Tout litige en relation avec\nl\u2019utilisation du site&nbsp;www.garage-turmeau-79.fr&nbsp;est soumis au droit fran\u00e7ais. Il est fait\nattribution exclusive de juridiction aux tribunaux comp\u00e9tents.<\/p>\n\n\n\n<p><strong>10. Les principales lois concern\u00e9es.<\/strong><\/p>\n\n\n\n<p>Loi n\u00b0 78-17\ndu 6 janvier 1978, notamment modifi\u00e9e par la loi n\u00b0 2004-801 du 6 ao\u00fbt 2004 et\nle d\u00e9cret n\u00b0 2018-378 du 22 mai 2018 relatifs \u00e0 l&rsquo;informatique, aux fichiers et\naux libert\u00e9s.<\/p>\n\n\n\n<p>Loi n\u00b0\n2004-575 du 21 juin 2004 pour la confiance dans l&rsquo;\u00e9conomie num\u00e9rique.<\/p>\n\n\n\n<p>Le r\u00e8glement\neurop\u00e9en n\u00b02016\/679 du 27 avril 2016, dit RGPD.<\/p>\n\n\n\n<p><strong>11. Lexique.<\/strong><\/p>\n\n\n\n<p>Utilisateur\n: Internaute se connectant, utilisant le site susnomm\u00e9.<\/p>\n\n\n\n<p>Donn\u00e9es\npersonnelles : \u00ab les informations qui permettent, sous quelque forme que ce\nsoit, directement ou non, l&rsquo;identification des personnes physiques auxquelles\nelles s&rsquo;appliquent \u00bb.<\/p>\n","protected":false},"excerpt":{"rendered":"<p>1. Pr\u00e9sentation du site. En vertu de l&rsquo;article 6 de la loi n\u00b0 2004-575 du 21 juin 2004 pour la confiance dans l&rsquo;\u00e9conomie num\u00e9rique, il est pr\u00e9cis\u00e9 aux utilisateurs du site&nbsp;www.garage-turmeau-79.fr l&rsquo;identit\u00e9 des diff\u00e9rents intervenants dans le cadre de sa r\u00e9alisation et de son suivi : Propri\u00e9taire&nbsp;: Turmeau Thierry Num\u00e9ro SIRET&nbsp;: 348.192.477.00027 Num\u00e9ro immatriculation RM&nbsp;:&hellip; <br \/> <a class=\"read-more\" href=\"https:\/\/garage-turmeau-79.fr\/?page_id=103\">Lire la suite<\/a><\/p>\n","protected":false},"author":1,"featured_media":0,"parent":0,"menu_order":0,"comment_status":"closed","ping_status":"closed","template":"","meta":[],"_links":{"self":[{"href":"https:\/\/garage-turmeau-79.fr\/index.php?rest_route=\/wp\/v2\/pages\/103"}],"collection":[{"href":"https:\/\/garage-turmeau-79.fr\/index.php?rest_route=\/wp\/v2\/pages"}],"about":[{"href":"https:\/\/garage-turmeau-79.fr\/index.php?rest_route=\/wp\/v2\/types\/page"}],"author":[{"embeddable":true,"href":"https:\/\/garage-turmeau-79.fr\/index.php?rest_route=\/wp\/v2\/users\/1"}],"replies":[{"embeddable":true,"href":"https:\/\/garage-turmeau-79.fr\/index.php?rest_route=%2Fwp%2Fv2%2Fcomments&post=103"}],"version-history":[{"count":2,"href":"https:\/\/garage-turmeau-79.fr\/index.php?rest_route=\/wp\/v2\/pages\/103\/revisions"}],"predecessor-version":[{"id":106,"href":"https:\/\/garage-turmeau-79.fr\/index.php?rest_route=\/wp\/v2\/pages\/103\/revisions\/106"}],"wp:attachment":[{"href":"https:\/\/garage-turmeau-79.fr\/index.php?rest_route=%2Fwp%2Fv2%2Fmedia&parent=103"}],"curies":[{"name":"wp","href":"https:\/\/api.w.org\/{rel}","templated":true}]}}